{"id":1648,"date":"2023-03-16T13:53:41","date_gmt":"2023-03-16T13:53:41","guid":{"rendered":"https:\/\/tecnologia.vamtam.com\/?page_id=1648"},"modified":"2024-05-18T17:16:31","modified_gmt":"2024-05-18T14:16:31","slug":"gizlilik-sozlesmesi","status":"publish","type":"page","link":"https:\/\/armiya.com\/en\/gizlilik-sozlesmesi\/","title":{"rendered":"Privacy Agreement"},"content":{"rendered":"\t\t<div data-elementor-type=\"wp-page\" data-elementor-id=\"1648\" class=\"elementor elementor-1648\" data-elementor-post-type=\"page\">\n\t\t\t\t\t\t<section class=\"elementor-section elementor-top-section elementor-element elementor-element-6c5644c elementor-section-boxed elementor-section-height-default elementor-section-height-default\" data-id=\"6c5644c\" data-element_type=\"section\" data-e-type=\"section\">\n\t\t\t\t\t\t<div class=\"elementor-container elementor-column-gap-default\">\n\t\t\t\t\t<div class=\"elementor-column elementor-col-100 elementor-top-column elementor-element elementor-element-759c98e\" data-id=\"759c98e\" data-element_type=\"column\" data-e-type=\"column\">\n\t\t\t<div class=\"elementor-widget-wrap elementor-element-populated\">\n\t\t\t\t\t\t<div class=\"elementor-element elementor-element-9af75f0 animated-slow elementor-invisible elementor-widget elementor-widget-heading\" data-id=\"9af75f0\" data-element_type=\"widget\" data-e-type=\"widget\" data-settings=\"{&quot;_animation&quot;:&quot;fadeIn&quot;,&quot;_animation_tablet&quot;:&quot;none&quot;}\" data-widget_type=\"heading.default\">\n\t\t\t\t<div class=\"elementor-widget-container\">\n\t\t\t\t\t<h1 class=\"elementor-heading-title elementor-size-default\">Gizlilik Politikas\u0131<\/h1>\t\t\t\t<\/div>\n\t\t\t\t<\/div>\n\t\t\t\t<div class=\"elementor-element elementor-element-88a728c animated-slow elementor-invisible elementor-widget elementor-widget-heading\" data-id=\"88a728c\" data-element_type=\"widget\" data-e-type=\"widget\" data-settings=\"{&quot;_animation&quot;:&quot;fadeIn&quot;,&quot;_animation_tablet&quot;:&quot;none&quot;,&quot;_animation_delay&quot;:300}\" data-widget_type=\"heading.default\">\n\t\t\t\t<div class=\"elementor-widget-container\">\n\t\t\t\t\t<p class=\"elementor-heading-title elementor-size-default\">Armiya Teknoloji<\/p>\t\t\t\t<\/div>\n\t\t\t\t<\/div>\n\t\t\t\t<div class=\"elementor-element elementor-element-31a03c4 elementor-widget elementor-widget-spacer\" data-id=\"31a03c4\" data-element_type=\"widget\" data-e-type=\"widget\" data-widget_type=\"spacer.default\">\n\t\t\t\t<div class=\"elementor-widget-container\">\n\t\t\t\t\t\t\t<div class=\"elementor-spacer\">\n\t\t\t<div class=\"elementor-spacer-inner\"><\/div>\n\t\t<\/div>\n\t\t\t\t\t\t<\/div>\n\t\t\t\t<\/div>\n\t\t\t\t\t<\/div>\n\t\t<\/div>\n\t\t\t\t\t<\/div>\n\t\t<\/section>\n\t\t\t\t<section class=\"elementor-section elementor-top-section elementor-element elementor-element-1fcb2d8 elementor-section-boxed elementor-section-height-default elementor-section-height-default\" data-id=\"1fcb2d8\" data-element_type=\"section\" data-e-type=\"section\">\n\t\t\t\t\t\t<div class=\"elementor-container elementor-column-gap-no\">\n\t\t\t\t\t<div class=\"elementor-column elementor-col-100 elementor-top-column elementor-element elementor-element-5923213\" data-id=\"5923213\" data-element_type=\"column\" data-e-type=\"column\">\n\t\t\t<div class=\"elementor-widget-wrap elementor-element-populated\">\n\t\t\t\t\t\t<div class=\"elementor-element elementor-element-6acf5a5 elementor-widget elementor-widget-heading\" data-id=\"6acf5a5\" data-element_type=\"widget\" data-e-type=\"widget\" data-widget_type=\"heading.default\">\n\t\t\t\t<div class=\"elementor-widget-container\">\n\t\t\t\t\t<h3 class=\"elementor-heading-title elementor-size-default\">Giri\u015f<\/h3>\t\t\t\t<\/div>\n\t\t\t\t<\/div>\n\t\t\t\t<div class=\"elementor-element elementor-element-d10225c elementor-widget elementor-widget-text-editor\" data-id=\"d10225c\" data-element_type=\"widget\" data-e-type=\"widget\" data-widget_type=\"text-editor.default\">\n\t\t\t\t<div class=\"elementor-widget-container\">\n\t\t\t\t\t\t\t\t\tArmiya Teknoloji olarak, m\u00fc\u015fterilerimizin gizlili\u011fine b\u00fcy\u00fck \u00f6nem veriyoruz. Bu Gizlilik Politikas\u0131, web sitemizi ziyaret etti\u011finizde veya hizmetlerimizi kulland\u0131\u011f\u0131n\u0131zda toplad\u0131\u011f\u0131m\u0131z bilgilerin nas\u0131l kullan\u0131ld\u0131\u011f\u0131n\u0131 ve korundu\u011funu a\u00e7\u0131klamaktad\u0131r. Gizlili\u011finizin korunmas\u0131 i\u00e7in gerekli t\u00fcm \u00f6nlemleri almaktay\u0131z.\t\t\t\t\t\t\t\t<\/div>\n\t\t\t\t<\/div>\n\t\t\t\t<div class=\"elementor-element elementor-element-4a7087e elementor-widget elementor-widget-heading\" data-id=\"4a7087e\" data-element_type=\"widget\" data-e-type=\"widget\" data-widget_type=\"heading.default\">\n\t\t\t\t<div class=\"elementor-widget-container\">\n\t\t\t\t\t<h3 class=\"elementor-heading-title elementor-size-default\">Toplanan Bilgiler<\/h3>\t\t\t\t<\/div>\n\t\t\t\t<\/div>\n\t\t\t\t<div class=\"elementor-element elementor-element-ff17bec elementor-widget elementor-widget-text-editor\" data-id=\"ff17bec\" data-element_type=\"widget\" data-e-type=\"widget\" data-widget_type=\"text-editor.default\">\n\t\t\t\t<div class=\"elementor-widget-container\">\n\t\t\t\t\t\t\t\t\t<p>Web sitemiz \u00fczerinden g\u00f6n\u00fcll\u00fc olarak sa\u011flad\u0131\u011f\u0131n\u0131z ad, soyad, e-posta adresi, telefon numaras\u0131, adres gibi ki\u015fisel bilgileri toplar\u0131z. Bu bilgiler, hizmetlerimizi sunabilmemiz ve sizlerle ileti\u015fim kurabilmemiz i\u00e7in gereklidir.<\/p>\t\t\t\t\t\t\t\t<\/div>\n\t\t\t\t<\/div>\n\t\t\t\t<div class=\"elementor-element elementor-element-066c896 elementor-widget elementor-widget-heading\" data-id=\"066c896\" data-element_type=\"widget\" data-e-type=\"widget\" data-widget_type=\"heading.default\">\n\t\t\t\t<div class=\"elementor-widget-container\">\n\t\t\t\t\t<h3 class=\"elementor-heading-title elementor-size-default\">Otomatik Olarak Toplanan Bilgiler<\/h3>\t\t\t\t<\/div>\n\t\t\t\t<\/div>\n\t\t\t\t<div class=\"elementor-element elementor-element-783a250 elementor-widget elementor-widget-text-editor\" data-id=\"783a250\" data-element_type=\"widget\" data-e-type=\"widget\" data-widget_type=\"text-editor.default\">\n\t\t\t\t<div class=\"elementor-widget-container\">\n\t\t\t\t\t\t\t\t\t<p>Web sitemizi ziyaret etti\u011finizde, taray\u0131c\u0131 t\u00fcr\u00fcn\u00fcz, IP adresiniz, eri\u015fim zamanlar\u0131n\u0131z ve ziyaret edilen sayfalar gibi belirli bilgileri otomatik olarak toplar\u0131z.<\/p><p>Bu bilgiler, web sitemizi ve hizmetlerimizi iyile\u015ftirmek i\u00e7in kullan\u0131l\u0131r.<\/p>\t\t\t\t\t\t\t\t<\/div>\n\t\t\t\t<\/div>\n\t\t\t\t<div class=\"elementor-element elementor-element-d40b075 elementor-widget elementor-widget-heading\" data-id=\"d40b075\" data-element_type=\"widget\" data-e-type=\"widget\" data-widget_type=\"heading.default\">\n\t\t\t\t<div class=\"elementor-widget-container\">\n\t\t\t\t\t<h3 class=\"elementor-heading-title elementor-size-default\">\u00c7erezler ve \u0130zleme Teknolojileri<\/h3>\t\t\t\t<\/div>\n\t\t\t\t<\/div>\n\t\t\t\t<div class=\"elementor-element elementor-element-9e1f706 elementor-widget elementor-widget-text-editor\" data-id=\"9e1f706\" data-element_type=\"widget\" data-e-type=\"widget\" data-widget_type=\"text-editor.default\">\n\t\t\t\t<div class=\"elementor-widget-container\">\n\t\t\t\t\t\t\t\t\t<p>Web sitemizde, kullan\u0131c\u0131 deneyiminizi geli\u015ftirmek i\u00e7in \u00e7erezler ve benzeri izleme teknolojileri kullan\u0131yoruz. \u00c7erezler, web sitemizi nas\u0131l kulland\u0131\u011f\u0131n\u0131z hakk\u0131nda bilgi toplar ve web sitemizin i\u015flevselli\u011fini art\u0131r\u0131r.<\/p><p>\u00c7erezleri reddetmeyi tercih ederseniz, taray\u0131c\u0131n\u0131z\u0131n ayarlar\u0131ndan bunu yapabilirsiniz; ancak bu durumda web sitemizin baz\u0131 \u00f6zellikleri d\u00fczg\u00fcn \u00e7al\u0131\u015fmayabilir.<\/p>\t\t\t\t\t\t\t\t<\/div>\n\t\t\t\t<\/div>\n\t\t\t\t<div class=\"elementor-element elementor-element-2027575 elementor-widget elementor-widget-heading\" data-id=\"2027575\" data-element_type=\"widget\" data-e-type=\"widget\" data-widget_type=\"heading.default\">\n\t\t\t\t<div class=\"elementor-widget-container\">\n\t\t\t\t\t<h3 class=\"elementor-heading-title elementor-size-default\">Bilgilerin Kullan\u0131m\u0131<\/h3>\t\t\t\t<\/div>\n\t\t\t\t<\/div>\n\t\t\t\t<div class=\"elementor-element elementor-element-22d705f elementor-widget elementor-widget-text-editor\" data-id=\"22d705f\" data-element_type=\"widget\" data-e-type=\"widget\" data-widget_type=\"text-editor.default\">\n\t\t\t\t<div class=\"elementor-widget-container\">\n\t\t\t\t\t\t\t\t\t<p>Toplad\u0131\u011f\u0131m\u0131z bilgileri \u015fu ama\u00e7larla kullanabiliriz:<\/p><ul><li>Hizmetlerimizi sa\u011flamak ve y\u00f6netmek<\/li><li>M\u00fc\u015fteri taleplerine yan\u0131t vermek ve destek sa\u011flamak<\/li><li>Web sitemizi ve hizmetlerimizi iyile\u015ftirmek<\/li><li>Pazarlama ileti\u015fimleri ve duyurular g\u00f6ndermek (izin verdi\u011finiz durumlarda)<\/li><\/ul>\t\t\t\t\t\t\t\t<\/div>\n\t\t\t\t<\/div>\n\t\t\t\t<div class=\"elementor-element elementor-element-cbdc944 elementor-widget elementor-widget-heading\" data-id=\"cbdc944\" data-element_type=\"widget\" data-e-type=\"widget\" data-widget_type=\"heading.default\">\n\t\t\t\t<div class=\"elementor-widget-container\">\n\t\t\t\t\t<h3 class=\"elementor-heading-title elementor-size-default\">Bilgilerin Payla\u015f\u0131m\u0131<\/h3>\t\t\t\t<\/div>\n\t\t\t\t<\/div>\n\t\t\t\t<div class=\"elementor-element elementor-element-418208b elementor-widget elementor-widget-text-editor\" data-id=\"418208b\" data-element_type=\"widget\" data-e-type=\"widget\" data-widget_type=\"text-editor.default\">\n\t\t\t\t<div class=\"elementor-widget-container\">\n\t\t\t\t\t\t\t\t\t<p>Armiya Teknoloji, ki\u015fisel bilgilerinizi izniniz olmadan \u00fc\u00e7\u00fcnc\u00fc \u015fah\u0131slarla payla\u015fmaz.<\/p><p>Ancak, yasal gereklilikler veya g\u00fcvenlik \u00f6nlemleri gerektirdi\u011finde bilgilerinizi yetkili makamlara a\u00e7\u0131klayabiliriz.<\/p>\t\t\t\t\t\t\t\t<\/div>\n\t\t\t\t<\/div>\n\t\t\t\t<div class=\"elementor-element elementor-element-cfef818 elementor-widget elementor-widget-heading\" data-id=\"cfef818\" data-element_type=\"widget\" data-e-type=\"widget\" data-widget_type=\"heading.default\">\n\t\t\t\t<div class=\"elementor-widget-container\">\n\t\t\t\t\t<h3 class=\"elementor-heading-title elementor-size-default\">Bilgilerin Payla\u015f\u0131m\u0131<\/h3>\t\t\t\t<\/div>\n\t\t\t\t<\/div>\n\t\t\t\t<div class=\"elementor-element elementor-element-81d1234 elementor-widget elementor-widget-text-editor\" data-id=\"81d1234\" data-element_type=\"widget\" data-e-type=\"widget\" data-widget_type=\"text-editor.default\">\n\t\t\t\t<div class=\"elementor-widget-container\">\n\t\t\t\t\t\t\t\t\t<p>Bu Gizlilik Politikas\u0131, zaman zaman g\u00fcncellenebilir. Herhangi bir de\u011fi\u015fiklik yap\u0131ld\u0131\u011f\u0131nda, g\u00fcncellenmi\u015f politikay\u0131 web sitemizde yay\u0131nlayaca\u011f\u0131z.<\/p><p>Bu nedenle, gizlilik politikam\u0131z\u0131 periyodik olarak g\u00f6zden ge\u00e7irmenizi \u00f6neririz.<\/p>\t\t\t\t\t\t\t\t<\/div>\n\t\t\t\t<\/div>\n\t\t\t\t<div class=\"elementor-element elementor-element-ddb7340 elementor-widget elementor-widget-heading\" data-id=\"ddb7340\" data-element_type=\"widget\" data-e-type=\"widget\" data-widget_type=\"heading.default\">\n\t\t\t\t<div class=\"elementor-widget-container\">\n\t\t\t\t\t<h3 class=\"elementor-heading-title elementor-size-default\">\u0130leti\u015fim<\/h3>\t\t\t\t<\/div>\n\t\t\t\t<\/div>\n\t\t\t\t<div class=\"elementor-element elementor-element-d2ba66c elementor-widget elementor-widget-text-editor\" data-id=\"d2ba66c\" data-element_type=\"widget\" data-e-type=\"widget\" data-widget_type=\"text-editor.default\">\n\t\t\t\t<div class=\"elementor-widget-container\">\n\t\t\t\t\t\t\t\t\t<p>Bu Gizlilik Politikas\u0131 hakk\u0131nda herhangi bir sorunuz veya endi\u015feniz varsa, bizimle ileti\u015fime ge\u00e7ebilirsiniz:<\/p><p><strong>Armiya Teknoloji<\/strong><br \/><strong>E-posta:<\/strong> [<a target=\"_new\" rel=\"noreferrer\">bilgi@armiya.com<\/a>]<br \/><strong>Telefon:<\/strong> [<a href=\"tel:+08503460276\">0 850 346 0 276<\/a>]<\/p>\t\t\t\t\t\t\t\t<\/div>\n\t\t\t\t<\/div>\n\t\t\t\t\t<\/div>\n\t\t<\/div>\n\t\t\t\t\t<\/div>\n\t\t<\/section>\n\t\t\t\t<\/div>\n\t\t","protected":false},"excerpt":{"rendered":"<p>Gizlilik Politikas\u0131 Armiya Teknoloji Giri\u015f Armiya Teknoloji olarak, m\u00fc\u015fterilerimizin gizlili\u011fine b\u00fcy\u00fck \u00f6nem veriyoruz. Bu Gizlilik Politikas\u0131, web sitemizi ziyaret etti\u011finizde veya hizmetlerimizi kulland\u0131\u011f\u0131n\u0131zda toplad\u0131\u011f\u0131m\u0131z bilgilerin nas\u0131l kullan\u0131ld\u0131\u011f\u0131n\u0131 ve korundu\u011funu a\u00e7\u0131klamaktad\u0131r. Gizlili\u011finizin korunmas\u0131 i\u00e7in gerekli t\u00fcm \u00f6nlemleri almaktay\u0131z. Toplanan Bilgiler Web sitemiz \u00fczerinden g\u00f6n\u00fcll\u00fc olarak sa\u011flad\u0131\u011f\u0131n\u0131z ad, soyad, e-posta adresi, telefon numaras\u0131, adres gibi ki\u015fisel bilgileri&#8230;<\/p>","protected":false},"author":1,"featured_media":0,"parent":0,"menu_order":0,"comment_status":"closed","ping_status":"closed","template":"","meta":{"footnotes":""},"class_list":["post-1648","page","type-page","status-publish","hentry"],"aioseo_notices":[],"_links":{"self":[{"href":"https:\/\/armiya.com\/en\/wp-json\/wp\/v2\/pages\/1648","targetHints":{"allow":["GET"]}}],"collection":[{"href":"https:\/\/armiya.com\/en\/wp-json\/wp\/v2\/pages"}],"about":[{"href":"https:\/\/armiya.com\/en\/wp-json\/wp\/v2\/types\/page"}],"author":[{"embeddable":true,"href":"https:\/\/armiya.com\/en\/wp-json\/wp\/v2\/users\/1"}],"replies":[{"embeddable":true,"href":"https:\/\/armiya.com\/en\/wp-json\/wp\/v2\/comments?post=1648"}],"version-history":[{"count":0,"href":"https:\/\/armiya.com\/en\/wp-json\/wp\/v2\/pages\/1648\/revisions"}],"wp:attachment":[{"href":"https:\/\/armiya.com\/en\/wp-json\/wp\/v2\/media?parent=1648"}],"curies":[{"name":"wp","href":"https:\/\/api.w.org\/{rel}","templated":true}]}}