{"id":1646,"date":"2023-03-16T13:53:25","date_gmt":"2023-03-16T13:53:25","guid":{"rendered":"https:\/\/tecnologia.vamtam.com\/?page_id=1646"},"modified":"2024-06-10T14:18:23","modified_gmt":"2024-06-10T11:18:23","slug":"kullanim-kosullari","status":"publish","type":"page","link":"https:\/\/armiya.com\/en\/kullanim-kosullari\/","title":{"rendered":"Terms of Use"},"content":{"rendered":"<div data-elementor-type=\"wp-page\" data-elementor-id=\"1646\" class=\"elementor elementor-1646\" data-elementor-post-type=\"page\">\n\t\t\t\t\t\t<section class=\"elementor-section elementor-top-section elementor-element elementor-element-e37aa05 elementor-section-boxed elementor-section-height-default elementor-section-height-default\" data-id=\"e37aa05\" data-element_type=\"section\" data-e-type=\"section\">\n\t\t\t\t\t\t<div class=\"elementor-container elementor-column-gap-default\">\n\t\t\t\t\t<div class=\"elementor-column elementor-col-100 elementor-top-column elementor-element elementor-element-8b3e74f\" data-id=\"8b3e74f\" data-element_type=\"column\" data-e-type=\"column\">\n\t\t\t<div class=\"elementor-widget-wrap elementor-element-populated\">\n\t\t\t\t\t\t<div class=\"elementor-element elementor-element-80298dd animated-slow elementor-invisible elementor-widget elementor-widget-heading\" data-id=\"80298dd\" data-element_type=\"widget\" data-e-type=\"widget\" data-settings=\"{&quot;_animation&quot;:&quot;fadeIn&quot;,&quot;_animation_tablet&quot;:&quot;none&quot;}\" data-widget_type=\"heading.default\">\n\t\t\t\t<div class=\"elementor-widget-container\">\n\t\t\t\t\t<h1 class=\"elementor-heading-title elementor-size-default\">Terms of Use<\/h1>\t\t\t\t<\/div>\n\t\t\t\t<\/div>\n\t\t\t\t<div class=\"elementor-element elementor-element-76d638f animated-slow elementor-invisible elementor-widget elementor-widget-heading\" data-id=\"76d638f\" data-element_type=\"widget\" data-e-type=\"widget\" data-settings=\"{&quot;_animation&quot;:&quot;fadeIn&quot;,&quot;_animation_tablet&quot;:&quot;none&quot;,&quot;_animation_delay&quot;:300}\" data-widget_type=\"heading.default\">\n\t\t\t\t<div class=\"elementor-widget-container\">\n\t\t\t\t\t<p class=\"elementor-heading-title elementor-size-default\">Armiya Teknoloji Website<\/p>\t\t\t\t<\/div>\n\t\t\t\t<\/div>\n\t\t\t\t<div class=\"elementor-element elementor-element-fed2f21 elementor-widget elementor-widget-spacer\" data-id=\"fed2f21\" data-element_type=\"widget\" data-e-type=\"widget\" data-widget_type=\"spacer.default\">\n\t\t\t\t<div class=\"elementor-widget-container\">\n\t\t\t\t\t\t\t<div class=\"elementor-spacer\">\n\t\t\t<div class=\"elementor-spacer-inner\"><\/div>\n\t\t<\/div>\n\t\t\t\t\t\t<\/div>\n\t\t\t\t<\/div>\n\t\t\t\t\t<\/div>\n\t\t<\/div>\n\t\t\t\t\t<\/div>\n\t\t<\/section>\n\t\t<div class=\"elementor-element elementor-element-17508b8 e-flex e-con-boxed e-con e-parent\" data-id=\"17508b8\" data-element_type=\"container\" data-e-type=\"container\">\n\t\t\t\t\t<div class=\"e-con-inner\">\n\t\t\t\t<div class=\"elementor-element elementor-element-d6d56c0 elementor-widget elementor-widget-text-editor\" data-id=\"d6d56c0\" data-element_type=\"widget\" data-e-type=\"widget\" data-widget_type=\"text-editor.default\">\n\t\t\t\t<div class=\"elementor-widget-container\">\n\t\t\t\t\t\t\t\t\t<p>By using this website, you are considered to have accepted the following terms of use. If you do not accept these terms, please do not use our website. Armiya Teknoloji reserves the right to change these terms without prior notice.<\/p>\n\n<h4>1. Purpose of Use<\/h4>\n<p>This website is provided to provide information about Armiya Teknoloji's services and products. The content on our website is for informational purposes only and does not constitute a commercial proposal or commitment.<\/p>\n\n<h4>2. Intellectual Property Rights<\/h4>\n<p>Bu web sitesinde yer alan t\u00fcm i\u00e7erikler, tasar\u0131mlar, metinler, grafikler, logolar, ikonlar ve yaz\u0131l\u0131mlar, Armiya Teknoloji\u2019ye aittir ve telif hakk\u0131 yasalar\u0131 ile korunmaktad\u0131r. \u0130\u00e7erikler, yaz\u0131l\u0131 izin olmaks\u0131z\u0131n kopyalanamaz, da\u011f\u0131t\u0131lamaz, de\u011fi\u015ftirilemez veya ba\u015fka bir \u015fekilde kullan\u0131lamaz.<\/p>\n\n<h4>3. Kullan\u0131c\u0131 Sorumluluklar\u0131<\/h4>\n<p>Web sitemizi kullan\u0131rken, a\u015fa\u011f\u0131daki kurallara uymay\u0131 kabul etmi\u015f olursunuz:\n\nWeb sitesine zarar verebilecek veya i\u015fleyi\u015fini bozabilecek hi\u00e7bir davran\u0131\u015fta bulunmamak.\nBa\u015fka kullan\u0131c\u0131lar\u0131n web sitesini kullan\u0131m\u0131n\u0131 engellememek.\nWeb sitesi arac\u0131l\u0131\u011f\u0131yla elde edilen bilgileri yasa d\u0131\u015f\u0131 ama\u00e7lar i\u00e7in kullanmamak.\n4. \u00dc\u00e7\u00fcnc\u00fc Taraf Ba\u011flant\u0131lar\u0131\nWeb sitemiz, \u00fc\u00e7\u00fcnc\u00fc taraf web sitelerine ba\u011flant\u0131lar i\u00e7erebilir. Armiya Teknoloji, bu sitelerin i\u00e7eriklerinden veya gizlilik uygulamalar\u0131ndan sorumlu de\u011fildir. Bu ba\u011flant\u0131lar\u0131 kullan\u0131rken, ilgili \u00fc\u00e7\u00fcnc\u00fc taraf sitelerinin kullan\u0131m ko\u015fullar\u0131n\u0131 ve gizlilik politikalar\u0131n\u0131 okuman\u0131z tavsiye edilir.<\/p>\n\n<h4>5. Garanti ve Sorumluluk Reddi<\/h4>\n<p>Web sitemiz &#8220;oldu\u011fu gibi&#8221; ve &#8220;mevcut oldu\u011fu s\u00fcrece&#8221; esas\u0131na g\u00f6re sa\u011flanmaktad\u0131r. Armiya Teknoloji, web sitesinin kesintisiz veya hatas\u0131z olaca\u011f\u0131n\u0131 garanti etmez. Web sitesinin kullan\u0131m\u0131ndan kaynaklanan herhangi bir zarar veya kay\u0131ptan Armiya Teknoloji sorumlu tutulamaz.<\/p>\n\n<h4>6. Gizlilik<\/h4>\n<p>Web sitemizi kullan\u0131rken sa\u011flad\u0131\u011f\u0131n\u0131z ki\u015fisel bilgiler, Gizlilik Politikam\u0131za uygun olarak i\u015flenecektir. Gizlilik Politikam\u0131z\u0131 okumak i\u00e7in l\u00fctfen ilgili sayfay\u0131 ziyaret edin.<\/p>\n\n<h4>7. Y\u00fcr\u00fcrl\u00fckteki Hukuk ve Yarg\u0131 Yetkisi<\/h4>\n<p>Bu kullan\u0131m ko\u015fullar\u0131, T\u00fcrkiye Cumhuriyeti yasalar\u0131na tabidir ve bu yasalara g\u00f6re yorumlanacakt\u0131r. Bu ko\u015fullardan do\u011fan veya bu ko\u015fullarla ilgili t\u00fcm anla\u015fmazl\u0131klar, T\u00fcrkiye mahkemelerinin m\u00fcnhas\u0131r yarg\u0131 yetkisine tabidir.<\/p>\n\n<h4>8. De\u011fi\u015fiklikler<\/h4>\n<p>Armiya Teknoloji, bu kullan\u0131m ko\u015fullar\u0131n\u0131 herhangi bir zamanda de\u011fi\u015ftirme hakk\u0131n\u0131 sakl\u0131 tutar. De\u011fi\u015fiklikler, web sitesinde yay\u0131nland\u0131klar\u0131 anda y\u00fcr\u00fcrl\u00fc\u011fe girer. Kullan\u0131c\u0131lar\u0131n, web sitesini her ziyaretlerinde kullan\u0131m ko\u015fullar\u0131n\u0131 g\u00f6zden ge\u00e7irmeleri \u00f6nerilir.<\/p>\t\t\t\t\t\t\t\t<\/div>\n\t\t\t\t<\/div>\n\t\t\t\t\t<\/div>\n\t\t\t\t<\/div>\n\t\t\t\t<\/div>","protected":false},"excerpt":{"rendered":"<p>Kullan\u0131m Ko\u015fullar\u0131 Armiya Teknoloji Web Sitesi Bu web sitesini kullanarak, a\u015fa\u011f\u0131daki kullan\u0131m ko\u015fullar\u0131n\u0131 kabul etmi\u015f say\u0131l\u0131rs\u0131n\u0131z. Bu ko\u015fullar\u0131 kabul etmiyorsan\u0131z, l\u00fctfen web sitemizi kullanmay\u0131n. Armiya Teknoloji, bu ko\u015fullar\u0131 \u00f6nceden bildirimde bulunmaks\u0131z\u0131n de\u011fi\u015ftirme hakk\u0131n\u0131 sakl\u0131 tutar. 1. Kullan\u0131m Amac\u0131 Bu web sitesi, Armiya Teknoloji\u2019nin hizmetleri ve \u00fcr\u00fcnleri hakk\u0131nda bilgi sa\u011flamak amac\u0131yla sunulmu\u015ftur. Web sitemizde yer alan&#8230;<\/p>","protected":false},"author":1,"featured_media":0,"parent":0,"menu_order":0,"comment_status":"closed","ping_status":"closed","template":"","meta":{"footnotes":""},"class_list":["post-1646","page","type-page","status-publish","hentry"],"aioseo_notices":[],"_links":{"self":[{"href":"https:\/\/armiya.com\/en\/wp-json\/wp\/v2\/pages\/1646","targetHints":{"allow":["GET"]}}],"collection":[{"href":"https:\/\/armiya.com\/en\/wp-json\/wp\/v2\/pages"}],"about":[{"href":"https:\/\/armiya.com\/en\/wp-json\/wp\/v2\/types\/page"}],"author":[{"embeddable":true,"href":"https:\/\/armiya.com\/en\/wp-json\/wp\/v2\/users\/1"}],"replies":[{"embeddable":true,"href":"https:\/\/armiya.com\/en\/wp-json\/wp\/v2\/comments?post=1646"}],"version-history":[{"count":0,"href":"https:\/\/armiya.com\/en\/wp-json\/wp\/v2\/pages\/1646\/revisions"}],"wp:attachment":[{"href":"https:\/\/armiya.com\/en\/wp-json\/wp\/v2\/media?parent=1646"}],"curies":[{"name":"wp","href":"https:\/\/api.w.org\/{rel}","templated":true}]}}